{"id":996,"date":"2024-01-30T14:42:13","date_gmt":"2024-01-30T13:42:13","guid":{"rendered":"https:\/\/autoskolasandor.sk\/potvizsga-vagy-tovabb-oktatas\/"},"modified":"2024-01-30T17:56:29","modified_gmt":"2024-01-30T16:56:29","slug":"potvizsga-vagy-tovabb-oktatas","status":"publish","type":"page","link":"https:\/\/autoskolasandor.sk\/hu\/potvizsga-vagy-tovabb-oktatas\/","title":{"rendered":"P\u00d3TVIZSGA VAGY TOV\u00c1BB- OKTAT\u00c1S"},"content":{"rendered":"\t\t<div data-elementor-type=\"wp-page\" data-elementor-id=\"996\" class=\"elementor elementor-996 elementor-838\" data-elementor-post-type=\"page\">\n\t\t\t\t<div class=\"elementor-element elementor-element-1732713b e-con-full e-flex e-con e-parent\" data-id=\"1732713b\" data-element_type=\"container\" data-settings=\"{&quot;content_width&quot;:&quot;full&quot;,&quot;background_background&quot;:&quot;classic&quot;}\" data-core-v316-plus=\"true\">\n\t\t<div class=\"elementor-element elementor-element-483c1a7 e-flex e-con-boxed e-con e-child\" data-id=\"483c1a7\" data-element_type=\"container\" data-settings=\"{&quot;content_width&quot;:&quot;boxed&quot;}\">\n\t\t\t\t\t<div class=\"e-con-inner\">\n\t\t<div class=\"elementor-element elementor-element-b7a2813 e-flex e-con-boxed e-con e-child\" data-id=\"b7a2813\" data-element_type=\"container\" data-settings=\"{&quot;content_width&quot;:&quot;boxed&quot;}\">\n\t\t\t\t\t<div class=\"e-con-inner\">\n\t\t\t\t<div class=\"elementor-element elementor-element-581687 elementor-widget elementor-widget-heading\" data-id=\"581687\" data-element_type=\"widget\" data-widget_type=\"heading.default\">\n\t\t\t\t<div class=\"elementor-widget-container\">\n\t\t\t<style>\/*! elementor - v3.19.0 - 29-01-2024 *\/\n.elementor-heading-title{padding:0;margin:0;line-height:1}.elementor-widget-heading .elementor-heading-title[class*=elementor-size-]>a{color:inherit;font-size:inherit;line-height:inherit}.elementor-widget-heading .elementor-heading-title.elementor-size-small{font-size:15px}.elementor-widget-heading .elementor-heading-title.elementor-size-medium{font-size:19px}.elementor-widget-heading .elementor-heading-title.elementor-size-large{font-size:29px}.elementor-widget-heading .elementor-heading-title.elementor-size-xl{font-size:39px}.elementor-widget-heading .elementor-heading-title.elementor-size-xxl{font-size:59px}<\/style><h2 class=\"elementor-heading-title elementor-size-default\">P\u00d3TVIZSGA VAGY TOV\u00c1BB- OKTAT\u00c1S<\/h2>\t\t<\/div>\n\t\t\t\t<\/div>\n\t\t\t\t<div class=\"elementor-element elementor-element-9caacc7 elementor-widget__width-initial elementor-widget elementor-widget-text-editor\" data-id=\"9caacc7\" data-element_type=\"widget\" data-widget_type=\"text-editor.default\">\n\t\t\t\t<div class=\"elementor-widget-container\">\n\t\t\t<style>\/*! elementor - v3.19.0 - 29-01-2024 *\/\n.elementor-widget-text-editor.elementor-drop-cap-view-stacked .elementor-drop-cap{background-color:#69727d;color:#fff}.elementor-widget-text-editor.elementor-drop-cap-view-framed .elementor-drop-cap{color:#69727d;border:3px solid;background-color:transparent}.elementor-widget-text-editor:not(.elementor-drop-cap-view-default) .elementor-drop-cap{margin-top:8px}.elementor-widget-text-editor:not(.elementor-drop-cap-view-default) .elementor-drop-cap-letter{width:1em;height:1em}.elementor-widget-text-editor .elementor-drop-cap{float:left;text-align:center;line-height:1;font-size:50px}.elementor-widget-text-editor .elementor-drop-cap-letter{display:inline-block}<\/style>\t\t\t\t\t\t\t\t\t\t<\/div>\n\t\t\t\t<\/div>\n\t\t\t\t\t<\/div>\n\t\t\t\t<\/div>\n\t\t\t\t\t<\/div>\n\t\t\t\t<\/div>\n\t\t\t\t<\/div>\n\t\t<div class=\"elementor-element elementor-element-5bb32201 e-flex e-con-boxed e-con e-parent\" data-id=\"5bb32201\" data-element_type=\"container\" data-settings=\"{&quot;background_background&quot;:&quot;classic&quot;,&quot;content_width&quot;:&quot;boxed&quot;}\" data-core-v316-plus=\"true\">\n\t\t\t\t\t<div class=\"e-con-inner\">\n\t\t<div class=\"elementor-element elementor-element-20e0fb3e e-flex e-con-boxed e-con e-child\" data-id=\"20e0fb3e\" data-element_type=\"container\" data-settings=\"{&quot;background_background&quot;:&quot;classic&quot;,&quot;content_width&quot;:&quot;boxed&quot;}\">\n\t\t\t\t\t<div class=\"e-con-inner\">\n\t\t<div class=\"elementor-element elementor-element-76eec3b e-flex e-con-boxed e-con e-child\" data-id=\"76eec3b\" data-element_type=\"container\" data-settings=\"{&quot;content_width&quot;:&quot;boxed&quot;}\">\n\t\t\t\t\t<div class=\"e-con-inner\">\n\t\t\t\t\t<\/div>\n\t\t\t\t<\/div>\n\t\t<div class=\"elementor-element elementor-element-6e9f79f5 e-flex e-con-boxed e-con e-child\" data-id=\"6e9f79f5\" data-element_type=\"container\" data-settings=\"{&quot;content_width&quot;:&quot;boxed&quot;}\">\n\t\t\t\t\t<div class=\"e-con-inner\">\n\t\t\t\t\t<\/div>\n\t\t\t\t<\/div>\n\t\t<div class=\"elementor-element elementor-element-1b8a5483 e-flex e-con-boxed e-con e-child\" data-id=\"1b8a5483\" data-element_type=\"container\" data-settings=\"{&quot;content_width&quot;:&quot;boxed&quot;}\">\n\t\t\t\t\t<div class=\"e-con-inner\">\n\t\t\t\t<div class=\"elementor-element elementor-element-25d4c503 elementor-view-default elementor-position-top elementor-mobile-position-top elementor-widget elementor-widget-icon-box\" data-id=\"25d4c503\" data-element_type=\"widget\" data-widget_type=\"icon-box.default\">\n\t\t\t\t<div class=\"elementor-widget-container\">\n\t\t\t<link rel=\"stylesheet\" href=\"https:\/\/autoskolasandor.sk\/wp-content\/plugins\/elementor\/assets\/css\/widget-icon-box.min.css\">\t\t<div class=\"elementor-icon-box-wrapper\">\n\t\t\t\t\t\t<div class=\"elementor-icon-box-icon\">\n\t\t\t\t<span  class=\"elementor-icon elementor-animation-\">\n\t\t\t\t<svg aria-hidden=\"true\" class=\"e-font-icon-svg e-fas-arrow-down\" viewBox=\"0 0 448 512\" xmlns=\"http:\/\/www.w3.org\/2000\/svg\"><path d=\"M413.1 222.5l22.2 22.2c9.4 9.4 9.4 24.6 0 33.9L241 473c-9.4 9.4-24.6 9.4-33.9 0L12.7 278.6c-9.4-9.4-9.4-24.6 0-33.9l22.2-22.2c9.5-9.5 25-9.3 34.3.4L184 343.4V56c0-13.3 10.7-24 24-24h32c13.3 0 24 10.7 24 24v287.4l114.8-120.5c9.3-9.8 24.8-10 34.3-.4z\"><\/path><\/svg>\t\t\t\t<\/span>\n\t\t\t<\/div>\n\t\t\t\t\t\t<div class=\"elementor-icon-box-content\">\n\t\t\t\t<h3 class=\"elementor-icon-box-title\">\n\t\t\t\t\t<span  >\n\t\t\t\t\t\t\t\t\t\t\t<\/span>\n\t\t\t\t<\/h3>\n\t\t\t\t\t\t\t<\/div>\n\t\t<\/div>\n\t\t\t\t<\/div>\n\t\t\t\t<\/div>\n\t\t\t\t\t<\/div>\n\t\t\t\t<\/div>\n\t\t<div class=\"elementor-element elementor-element-2fc5d8cd e-flex e-con-boxed e-con e-child\" data-id=\"2fc5d8cd\" data-element_type=\"container\" data-settings=\"{&quot;content_width&quot;:&quot;boxed&quot;}\">\n\t\t\t\t\t<div class=\"e-con-inner\">\n\t\t\t\t\t<\/div>\n\t\t\t\t<\/div>\n\t\t<div class=\"elementor-element elementor-element-3035bf79 e-flex e-con-boxed e-con e-child\" data-id=\"3035bf79\" data-element_type=\"container\" data-settings=\"{&quot;content_width&quot;:&quot;boxed&quot;}\">\n\t\t\t\t\t<div class=\"e-con-inner\">\n\t\t\t\t\t<\/div>\n\t\t\t\t<\/div>\n\t\t\t\t<div class=\"elementor-element elementor-element-351731fe elementor-widget elementor-widget-menu-anchor\" data-id=\"351731fe\" data-element_type=\"widget\" data-widget_type=\"menu-anchor.default\">\n\t\t\t\t<div class=\"elementor-widget-container\">\n\t\t\t<style>\/*! elementor - v3.19.0 - 29-01-2024 *\/\nbody.elementor-page .elementor-widget-menu-anchor{margin-bottom:0}<\/style>\t\t<div id=\"kurzusok\" class=\"elementor-menu-anchor\"><\/div>\n\t\t\t\t<\/div>\n\t\t\t\t<\/div>\n\t\t\t\t\t<\/div>\n\t\t\t\t<\/div>\n\t\t<div class=\"elementor-element elementor-element-78309385 e-flex e-con-boxed e-con e-child\" data-id=\"78309385\" data-element_type=\"container\" data-settings=\"{&quot;background_background&quot;:&quot;classic&quot;,&quot;content_width&quot;:&quot;boxed&quot;}\">\n\t\t\t\t\t<div class=\"e-con-inner\">\n\t\t<div class=\"elementor-element elementor-element-72dbeb5c e-flex e-con-boxed e-con e-child\" data-id=\"72dbeb5c\" data-element_type=\"container\" data-settings=\"{&quot;content_width&quot;:&quot;boxed&quot;}\">\n\t\t\t\t\t<div class=\"e-con-inner\">\n\t\t\t\t<div class=\"elementor-element elementor-element-1119d098 elementor-widget elementor-widget-heading\" data-id=\"1119d098\" data-element_type=\"widget\" data-widget_type=\"heading.default\">\n\t\t\t\t<div class=\"elementor-widget-container\">\n\t\t\t<h2 class=\"elementor-heading-title elementor-size-default\">TOV\u00c1BBOKTAT\u00c1S<\/h2>\t\t<\/div>\n\t\t\t\t<\/div>\n\t\t\t\t<div class=\"elementor-element elementor-element-322a4029 elementor-widget elementor-widget-text-editor\" data-id=\"322a4029\" data-element_type=\"widget\" data-widget_type=\"text-editor.default\">\n\t\t\t\t<div class=\"elementor-widget-container\">\n\t\t\t\t\t\t\t<p>Az aut\u00f3iskolai tov\u00e1bboktat\u00e1st a rend\u0151rs\u00e9g rendeli el abban az esetben, ha a g\u00e9pj\u00e1rm\u0171vezet\u0151i enged\u00e9ly tulajdonosa az utols\u00f3 12 napt\u00e1ri h\u00f3napban h\u00e1rom alkalommal s\u00falyos m\u00f3don s\u00e9rtette meg a k\u00f6z\u00fati k\u00f6zleked\u00e9s szab\u00e1lyait, \u00e9s ez\u00e9rt 60 \u20ac-s, vagy magasabb b\u00fcntet\u00e9s volt r\u00e1 kiszabva. Ilyen esetben rend\u0151rs\u00e9gi hat\u00e1rozatot kap k\u00e9zhez, melyben elrendelik az aut\u00f3iskolai tov\u00e1bboktat\u00e1st. A tov\u00e1bbk\u00e9pz\u00e9shez nyomtassa ki, valamint t\u00f6ltse ki az oldalunkon tal\u00e1lhat\u00f3 nyomtatv\u00e1nyokat, \u00e9s hozza el hozz\u00e1nk. A tov\u00e1bbk\u00e9pz\u00e9s ut\u00e1n bejelentj\u00fck \u00d6nt a z\u00e1r\u00f3vizsg\u00e1ra. Ez h\u00e1rom r\u00e9szb\u0151l \u00e1ll majd: \u00edr\u00e1sbeli teszt, gyakorl\u00f3p\u00e1lya abszolv\u00e1l\u00e1sa, valamint k\u00f6zleked\u00e9si gyakorlat k\u00f6z\u00fati forgalomban. Figyelem! Ha az \u00e1tk\u00e9pz\u00e9st nem fejezi be a rend\u0151rs\u00e9gi hat\u00e1rozatban megszabott id\u0151 alatt, a hat\u00f3s\u00e1g bevonja az \u00d6n g\u00e9pj\u00e1rm\u0171vezet\u0151i jogos\u00edtv\u00e1ny\u00e1t. Figyelem! Ha az \u00e1tk\u00e9pz\u00e9s befejezt\u00e9ig \u00e9s a z\u00e1r\u00f3vizsga sikeres let\u00e9tel\u00e9ig g\u00e9pj\u00e1rm\u0171vet fog vezetni \u2013 mivel a j\u00e1rm\u0171vezet\u0151i jogos\u00edtv\u00e1ny fizikailag az \u00d6n birtok\u00e1ban van \u2013 hat\u00f3s\u00e1gi v\u00e9gz\u00e9s meghi\u00fas\u00edt\u00e1s\u00e1nak b\u0171ncselekm\u00e9ny\u00e9t k\u00f6veti el. A z\u00e1r\u00f3vizsga sikeres let\u00e9tele ut\u00e1n a rend\u0151rs\u00e9g a j\u00e1rm\u0171vezet\u0151i jogos\u00edtv\u00e1ny\u00e1t felszabad\u00edtja, ezut\u00e1n m\u00e1r vezethet g\u00e9pj\u00e1rm\u0171veket!<\/p>\n\t\t\t\t\t\t<\/div>\n\t\t\t\t<\/div>\n\t\t\t\t\t<\/div>\n\t\t\t\t<\/div>\n\t\t\t\t<div class=\"elementor-element elementor-element-6bfdfd02 elementor-widget elementor-widget-menu-anchor\" data-id=\"6bfdfd02\" data-element_type=\"widget\" data-widget_type=\"menu-anchor.default\">\n\t\t\t\t<div class=\"elementor-widget-container\">\n\t\t\t\t\t<div id=\"kurzusok\" class=\"elementor-menu-anchor\"><\/div>\n\t\t\t\t<\/div>\n\t\t\t\t<\/div>\n\t\t\t\t\t<\/div>\n\t\t\t\t<\/div>\n\t\t<div class=\"elementor-element elementor-element-2b80f4e e-flex e-con-boxed e-con e-child\" data-id=\"2b80f4e\" data-element_type=\"container\" data-settings=\"{&quot;background_background&quot;:&quot;classic&quot;,&quot;content_width&quot;:&quot;boxed&quot;}\">\n\t\t\t\t\t<div class=\"e-con-inner\">\n\t\t<div class=\"elementor-element elementor-element-0d4226b e-flex e-con-boxed e-con e-child\" data-id=\"0d4226b\" data-element_type=\"container\" data-settings=\"{&quot;content_width&quot;:&quot;boxed&quot;}\">\n\t\t\t\t\t<div class=\"e-con-inner\">\n\t\t\t\t<div class=\"elementor-element elementor-element-7ff51cb elementor-widget elementor-widget-heading\" data-id=\"7ff51cb\" data-element_type=\"widget\" data-widget_type=\"heading.default\">\n\t\t\t\t<div class=\"elementor-widget-container\">\n\t\t\t<h2 class=\"elementor-heading-title elementor-size-default\">G\u00c9PJ\u00c1RM\u0170VEZET\u0150I P\u00d3TVIZSGA MINDEN KATEG\u00d3RI\u00c1BAN<\/h2>\t\t<\/div>\n\t\t\t\t<\/div>\n\t\t\t\t<div class=\"elementor-element elementor-element-fb86791 elementor-widget elementor-widget-text-editor\" data-id=\"fb86791\" data-element_type=\"widget\" data-widget_type=\"text-editor.default\">\n\t\t\t\t<div class=\"elementor-widget-container\">\n\t\t\t\t\t\t\t<p>A g\u00e9pj\u00e1rm\u0171vezet\u0151i alkalmass\u00e1g \u00fajra vizsg\u00e1ztat\u00e1sa azokat a g\u00e9pj\u00e1rm\u0171vezet\u0151ket \u00e9rinti, akiknek bevont\u00e1k a j\u00e1rm\u0171vezet\u0151i jogos\u00edtv\u00e1ny\u00e1t. Visszaszerz\u00e9se \u00e9rdek\u00e9ben p\u00f3tvizsg\u00e1t kell tenni\u00fck. Ehhez nyomtassa ki, valamint t\u00f6ltse ki az oldalunkon tal\u00e1lhat\u00f3 nyomtatv\u00e1nyokat, \u00e9s hozza el hozz\u00e1nk a rend\u0151rs\u00e9gi hat\u00e1rozattal egy\u00fctt. A kit\u00f6lt\u00f6tt \u00e9s a megfelel\u0151 orvosi igazol\u00e1sokkal ell\u00e1tott ( k\u00f6rzeti orvos, pszichol\u00f3gus esetleg pszichi\u00e1ter) nyomtatv\u00e1nyok alapj\u00e1n bejelentj\u00fck \u00d6nt a j\u00e1rm\u0171vezet\u0151i alkalmass\u00e1gi p\u00f3tvizsg\u00e1ra. G\u00e9pj\u00e1rm\u0171vezet\u0151i p\u00f3tvizsga h\u00e1rom r\u00e9szb\u0151l \u00e1ll majd: \u00edr\u00e1sbeli teszt, gyakorl\u00f3p\u00e1lya abszolv\u00e1l\u00e1sa, valamint k\u00f6zleked\u00e9si gyakorlat k\u00f6z\u00fati forgalomban. A vizsga sikeres let\u00e9tele ut\u00e1n a g\u00e9pj\u00e1rm\u0171vezet\u0151i jogos\u00edtv\u00e1ny\u00e1t visszakapja. Ha viszont ez els\u0151re nem siker\u00fcl, lehet\u0151s\u00e9ge van megism\u00e9telni, de leghamarabb h\u00e1rom h\u00f3nap eltelte ut\u00e1n.<br \/>A g\u00e9pj\u00e1rm\u0171vezet\u0151i jogos\u00edtv\u00e1nya bevon\u00e1s\u00e1nak okait a 8\/2009 T.t.-i t\u00f6rv\u00e9ny 92. \u00a7-a t\u00e1rgyalja, melyeket a rend\u0151rs\u00e9gi hat\u00e1rozat is felt\u00fcntet, b\u00fcntet\u00e9se hat\u00e1ridej\u00e9nek letelt\u00e9vel egy\u00fctt. Ez\u00e9rt fontos, hogy a hat\u00e1rozatot nek\u00fcnk is bemutassa.<\/p>\n\t\t\t\t\t\t<\/div>\n\t\t\t\t<\/div>\n\t\t\t\t\t<\/div>\n\t\t\t\t<\/div>\n\t\t\t\t<div class=\"elementor-element elementor-element-c107e68 elementor-widget elementor-widget-menu-anchor\" data-id=\"c107e68\" data-element_type=\"widget\" data-widget_type=\"menu-anchor.default\">\n\t\t\t\t<div class=\"elementor-widget-container\">\n\t\t\t\t\t<div id=\"kurzusok\" class=\"elementor-menu-anchor\"><\/div>\n\t\t\t\t<\/div>\n\t\t\t\t<\/div>\n\t\t\t\t\t<\/div>\n\t\t\t\t<\/div>\n\t\t<div class=\"elementor-element elementor-element-75f81bb5 e-flex e-con-boxed e-con e-child\" data-id=\"75f81bb5\" data-element_type=\"container\" data-settings=\"{&quot;background_background&quot;:&quot;classic&quot;,&quot;content_width&quot;:&quot;boxed&quot;}\">\n\t\t\t\t\t<div class=\"e-con-inner\">\n\t\t<div class=\"elementor-element elementor-element-4cf99c7c e-con-full e-flex e-con e-child\" data-id=\"4cf99c7c\" data-element_type=\"container\" data-settings=\"{&quot;content_width&quot;:&quot;full&quot;,&quot;background_background&quot;:&quot;classic&quot;}\">\n\t\t\t\t<div class=\"elementor-element elementor-element-79272179 elementor-widget elementor-widget-text-editor\" data-id=\"79272179\" data-element_type=\"widget\" data-widget_type=\"text-editor.default\">\n\t\t\t\t<div class=\"elementor-widget-container\">\n\t\t\t\t\t\t\t<p>Az \u00fajravizsg\u00e1z\u00e1s \u00e1ra:<br \/>B, B1 kateg\u00f3ria \u2013 89 \u20ac<br \/>C, C1 kateg\u00f3ria \u2013 119 \u20ac<br \/>(az \u00e1r 2 \u00f3ra gyakorlati j\u00e1rm\u0171vezet\u00e9st is tartalmaz)<br \/>Okm\u00e1nyb\u00e9lyeg illet\u00e9k: 16,50 \u20ac a z\u00e1r\u00f3vizsga abszolv\u00e1l\u00e1s\u00e1\u00e9rt.<br \/>Az \u00e1r t\u00e1j\u00e9koztat\u00f3 jelleg\u0171 \u00e9s megegyez\u00e9sen alapul.<\/p>\n\t\t\t\t\t\t<\/div>\n\t\t\t\t<\/div>\n\t\t\t\t<\/div>\n\t\t<div class=\"elementor-element elementor-element-7f0f7f20 e-flex e-con-boxed e-con e-child\" data-id=\"7f0f7f20\" data-element_type=\"container\" data-settings=\"{&quot;content_width&quot;:&quot;boxed&quot;}\">\n\t\t\t\t\t<div class=\"e-con-inner\">\n\t\t\t\t\t<\/div>\n\t\t\t\t<\/div>\n\t\t\t\t<div class=\"elementor-element elementor-element-7664b74a elementor-widget elementor-widget-menu-anchor\" data-id=\"7664b74a\" data-element_type=\"widget\" data-widget_type=\"menu-anchor.default\">\n\t\t\t\t<div class=\"elementor-widget-container\">\n\t\t\t\t\t<div id=\"kurzusok\" class=\"elementor-menu-anchor\"><\/div>\n\t\t\t\t<\/div>\n\t\t\t\t<\/div>\n\t\t\t\t\t<\/div>\n\t\t\t\t<\/div>\n\t\t\t\t\t<\/div>\n\t\t\t\t<\/div>\n\t\t\t\t<\/div>\n\t\t","protected":false},"excerpt":{"rendered":"<p>TOV\u00c1BBOKTAT\u00c1S Az aut\u00f3iskolai tov\u00e1bboktat\u00e1st a rend\u0151rs\u00e9g rendeli el abban az esetben, ha a g\u00e9pj\u00e1rm\u0171vezet\u0151i enged\u00e9ly tulajdonosa az utols\u00f3 12 napt\u00e1ri h\u00f3napban h\u00e1rom alkalommal s\u00falyos m\u00f3don s\u00e9rtette meg a k\u00f6z\u00fati k\u00f6zleked\u00e9s szab\u00e1lyait, \u00e9s ez\u00e9rt 60 \u20ac-s, vagy magasabb b\u00fcntet\u00e9s volt r\u00e1 kiszabva. Ilyen esetben rend\u0151rs\u00e9gi hat\u00e1rozatot kap k\u00e9zhez, melyben elrendelik az aut\u00f3iskolai tov\u00e1bboktat\u00e1st. A tov\u00e1bbk\u00e9pz\u00e9shez nyomtassa [&hellip;]<\/p>\n","protected":false},"author":1,"featured_media":0,"parent":0,"menu_order":0,"comment_status":"closed","ping_status":"closed","template":"","meta":{"footnotes":""},"yoast_head":"<!-- This site is optimized with the Yoast SEO plugin v21.9.1 - https:\/\/yoast.com\/wordpress\/plugins\/seo\/ -->\n<title>P\u00d3TVIZSGA VAGY TOV\u00c1BB- OKTAT\u00c1S - Auto\u0161kola S\u00e1ndor<\/title>\n<meta name=\"robots\" content=\"index, follow, max-snippet:-1, max-image-preview:large, max-video-preview:-1\" \/>\n<link rel=\"canonical\" href=\"https:\/\/autoskolasandor.sk\/hu\/potvizsga-vagy-tovabb-oktatas\/\" \/>\n<meta property=\"og:locale\" content=\"hu_HU\" \/>\n<meta property=\"og:type\" content=\"article\" \/>\n<meta property=\"og:title\" content=\"P\u00d3TVIZSGA VAGY TOV\u00c1BB- OKTAT\u00c1S - Auto\u0161kola S\u00e1ndor\" \/>\n<meta property=\"og:description\" content=\"TOV\u00c1BBOKTAT\u00c1S Az aut\u00f3iskolai tov\u00e1bboktat\u00e1st a rend\u0151rs\u00e9g rendeli el abban az esetben, ha a g\u00e9pj\u00e1rm\u0171vezet\u0151i enged\u00e9ly tulajdonosa az utols\u00f3 12 napt\u00e1ri h\u00f3napban h\u00e1rom alkalommal s\u00falyos m\u00f3don s\u00e9rtette meg a k\u00f6z\u00fati k\u00f6zleked\u00e9s szab\u00e1lyait, \u00e9s ez\u00e9rt 60 \u20ac-s, vagy magasabb b\u00fcntet\u00e9s volt r\u00e1 kiszabva. Ilyen esetben rend\u0151rs\u00e9gi hat\u00e1rozatot kap k\u00e9zhez, melyben elrendelik az aut\u00f3iskolai tov\u00e1bboktat\u00e1st. A tov\u00e1bbk\u00e9pz\u00e9shez nyomtassa [&hellip;]\" \/>\n<meta property=\"og:url\" content=\"https:\/\/autoskolasandor.sk\/hu\/potvizsga-vagy-tovabb-oktatas\/\" \/>\n<meta property=\"og:site_name\" content=\"Auto\u0161kola S\u00e1ndor\" \/>\n<meta property=\"article:publisher\" content=\"https:\/\/www.facebook.com\/AutoskolaKomarno\/\" \/>\n<meta property=\"article:modified_time\" content=\"2024-01-30T16:56:29+00:00\" \/>\n<meta name=\"twitter:card\" content=\"summary_large_image\" \/>\n<meta name=\"twitter:label1\" content=\"Becs\u00fclt olvas\u00e1si id\u0151\" \/>\n\t<meta name=\"twitter:data1\" content=\"3 perc\" \/>\n<script type=\"application\/ld+json\" class=\"yoast-schema-graph\">{\"@context\":\"https:\/\/schema.org\",\"@graph\":[{\"@type\":\"WebPage\",\"@id\":\"https:\/\/autoskolasandor.sk\/hu\/potvizsga-vagy-tovabb-oktatas\/\",\"url\":\"https:\/\/autoskolasandor.sk\/hu\/potvizsga-vagy-tovabb-oktatas\/\",\"name\":\"P\u00d3TVIZSGA VAGY TOV\u00c1BB- OKTAT\u00c1S - Auto\u0161kola S\u00e1ndor\",\"isPartOf\":{\"@id\":\"https:\/\/autoskolasandor.sk\/hu\/#website\"},\"datePublished\":\"2024-01-30T13:42:13+00:00\",\"dateModified\":\"2024-01-30T16:56:29+00:00\",\"breadcrumb\":{\"@id\":\"https:\/\/autoskolasandor.sk\/hu\/potvizsga-vagy-tovabb-oktatas\/#breadcrumb\"},\"inLanguage\":\"hu\",\"potentialAction\":[{\"@type\":\"ReadAction\",\"target\":[\"https:\/\/autoskolasandor.sk\/hu\/potvizsga-vagy-tovabb-oktatas\/\"]}]},{\"@type\":\"BreadcrumbList\",\"@id\":\"https:\/\/autoskolasandor.sk\/hu\/potvizsga-vagy-tovabb-oktatas\/#breadcrumb\",\"itemListElement\":[{\"@type\":\"ListItem\",\"position\":1,\"name\":\"Domovsk\u00e1 str\u00e1nka\",\"item\":\"https:\/\/autoskolasandor.sk\/hu\/\"},{\"@type\":\"ListItem\",\"position\":2,\"name\":\"P\u00d3TVIZSGA VAGY TOV\u00c1BB- OKTAT\u00c1S\"}]},{\"@type\":\"WebSite\",\"@id\":\"https:\/\/autoskolasandor.sk\/hu\/#website\",\"url\":\"https:\/\/autoskolasandor.sk\/hu\/\",\"name\":\"Auto\u0161kola S\u00e1ndor\",\"description\":\"\",\"publisher\":{\"@id\":\"https:\/\/autoskolasandor.sk\/hu\/#organization\"},\"potentialAction\":[{\"@type\":\"SearchAction\",\"target\":{\"@type\":\"EntryPoint\",\"urlTemplate\":\"https:\/\/autoskolasandor.sk\/hu\/?s={search_term_string}\"},\"query-input\":\"required name=search_term_string\"}],\"inLanguage\":\"hu\"},{\"@type\":\"Organization\",\"@id\":\"https:\/\/autoskolasandor.sk\/hu\/#organization\",\"name\":\"Auto\u0161kola S\u00e1ndor\",\"url\":\"https:\/\/autoskolasandor.sk\/hu\/\",\"logo\":{\"@type\":\"ImageObject\",\"inLanguage\":\"hu\",\"@id\":\"https:\/\/autoskolasandor.sk\/hu\/#\/schema\/logo\/image\/\",\"url\":\"https:\/\/autoskolasandor.sk\/wp-content\/uploads\/2024\/01\/logo-autoskola-sandor-komarno.png\",\"contentUrl\":\"https:\/\/autoskolasandor.sk\/wp-content\/uploads\/2024\/01\/logo-autoskola-sandor-komarno.png\",\"width\":202,\"height\":59,\"caption\":\"Auto\u0161kola S\u00e1ndor\"},\"image\":{\"@id\":\"https:\/\/autoskolasandor.sk\/hu\/#\/schema\/logo\/image\/\"},\"sameAs\":[\"https:\/\/www.facebook.com\/AutoskolaKomarno\/\"]}]}<\/script>\n<!-- \/ Yoast SEO plugin. -->","yoast_head_json":{"title":"P\u00d3TVIZSGA VAGY TOV\u00c1BB- OKTAT\u00c1S - Auto\u0161kola S\u00e1ndor","robots":{"index":"index","follow":"follow","max-snippet":"max-snippet:-1","max-image-preview":"max-image-preview:large","max-video-preview":"max-video-preview:-1"},"canonical":"https:\/\/autoskolasandor.sk\/hu\/potvizsga-vagy-tovabb-oktatas\/","og_locale":"hu_HU","og_type":"article","og_title":"P\u00d3TVIZSGA VAGY TOV\u00c1BB- OKTAT\u00c1S - Auto\u0161kola S\u00e1ndor","og_description":"TOV\u00c1BBOKTAT\u00c1S Az aut\u00f3iskolai tov\u00e1bboktat\u00e1st a rend\u0151rs\u00e9g rendeli el abban az esetben, ha a g\u00e9pj\u00e1rm\u0171vezet\u0151i enged\u00e9ly tulajdonosa az utols\u00f3 12 napt\u00e1ri h\u00f3napban h\u00e1rom alkalommal s\u00falyos m\u00f3don s\u00e9rtette meg a k\u00f6z\u00fati k\u00f6zleked\u00e9s szab\u00e1lyait, \u00e9s ez\u00e9rt 60 \u20ac-s, vagy magasabb b\u00fcntet\u00e9s volt r\u00e1 kiszabva. Ilyen esetben rend\u0151rs\u00e9gi hat\u00e1rozatot kap k\u00e9zhez, melyben elrendelik az aut\u00f3iskolai tov\u00e1bboktat\u00e1st. A tov\u00e1bbk\u00e9pz\u00e9shez nyomtassa [&hellip;]","og_url":"https:\/\/autoskolasandor.sk\/hu\/potvizsga-vagy-tovabb-oktatas\/","og_site_name":"Auto\u0161kola S\u00e1ndor","article_publisher":"https:\/\/www.facebook.com\/AutoskolaKomarno\/","article_modified_time":"2024-01-30T16:56:29+00:00","twitter_card":"summary_large_image","twitter_misc":{"Becs\u00fclt olvas\u00e1si id\u0151":"3 perc"},"schema":{"@context":"https:\/\/schema.org","@graph":[{"@type":"WebPage","@id":"https:\/\/autoskolasandor.sk\/hu\/potvizsga-vagy-tovabb-oktatas\/","url":"https:\/\/autoskolasandor.sk\/hu\/potvizsga-vagy-tovabb-oktatas\/","name":"P\u00d3TVIZSGA VAGY TOV\u00c1BB- OKTAT\u00c1S - Auto\u0161kola S\u00e1ndor","isPartOf":{"@id":"https:\/\/autoskolasandor.sk\/hu\/#website"},"datePublished":"2024-01-30T13:42:13+00:00","dateModified":"2024-01-30T16:56:29+00:00","breadcrumb":{"@id":"https:\/\/autoskolasandor.sk\/hu\/potvizsga-vagy-tovabb-oktatas\/#breadcrumb"},"inLanguage":"hu","potentialAction":[{"@type":"ReadAction","target":["https:\/\/autoskolasandor.sk\/hu\/potvizsga-vagy-tovabb-oktatas\/"]}]},{"@type":"BreadcrumbList","@id":"https:\/\/autoskolasandor.sk\/hu\/potvizsga-vagy-tovabb-oktatas\/#breadcrumb","itemListElement":[{"@type":"ListItem","position":1,"name":"Domovsk\u00e1 str\u00e1nka","item":"https:\/\/autoskolasandor.sk\/hu\/"},{"@type":"ListItem","position":2,"name":"P\u00d3TVIZSGA VAGY TOV\u00c1BB- OKTAT\u00c1S"}]},{"@type":"WebSite","@id":"https:\/\/autoskolasandor.sk\/hu\/#website","url":"https:\/\/autoskolasandor.sk\/hu\/","name":"Auto\u0161kola S\u00e1ndor","description":"","publisher":{"@id":"https:\/\/autoskolasandor.sk\/hu\/#organization"},"potentialAction":[{"@type":"SearchAction","target":{"@type":"EntryPoint","urlTemplate":"https:\/\/autoskolasandor.sk\/hu\/?s={search_term_string}"},"query-input":"required name=search_term_string"}],"inLanguage":"hu"},{"@type":"Organization","@id":"https:\/\/autoskolasandor.sk\/hu\/#organization","name":"Auto\u0161kola S\u00e1ndor","url":"https:\/\/autoskolasandor.sk\/hu\/","logo":{"@type":"ImageObject","inLanguage":"hu","@id":"https:\/\/autoskolasandor.sk\/hu\/#\/schema\/logo\/image\/","url":"https:\/\/autoskolasandor.sk\/wp-content\/uploads\/2024\/01\/logo-autoskola-sandor-komarno.png","contentUrl":"https:\/\/autoskolasandor.sk\/wp-content\/uploads\/2024\/01\/logo-autoskola-sandor-komarno.png","width":202,"height":59,"caption":"Auto\u0161kola S\u00e1ndor"},"image":{"@id":"https:\/\/autoskolasandor.sk\/hu\/#\/schema\/logo\/image\/"},"sameAs":["https:\/\/www.facebook.com\/AutoskolaKomarno\/"]}]}},"_links":{"self":[{"href":"https:\/\/autoskolasandor.sk\/hu\/wp-json\/wp\/v2\/pages\/996"}],"collection":[{"href":"https:\/\/autoskolasandor.sk\/hu\/wp-json\/wp\/v2\/pages"}],"about":[{"href":"https:\/\/autoskolasandor.sk\/hu\/wp-json\/wp\/v2\/types\/page"}],"author":[{"embeddable":true,"href":"https:\/\/autoskolasandor.sk\/hu\/wp-json\/wp\/v2\/users\/1"}],"replies":[{"embeddable":true,"href":"https:\/\/autoskolasandor.sk\/hu\/wp-json\/wp\/v2\/comments?post=996"}],"version-history":[{"count":5,"href":"https:\/\/autoskolasandor.sk\/hu\/wp-json\/wp\/v2\/pages\/996\/revisions"}],"predecessor-version":[{"id":1004,"href":"https:\/\/autoskolasandor.sk\/hu\/wp-json\/wp\/v2\/pages\/996\/revisions\/1004"}],"wp:attachment":[{"href":"https:\/\/autoskolasandor.sk\/hu\/wp-json\/wp\/v2\/media?parent=996"}],"curies":[{"name":"wp","href":"https:\/\/api.w.org\/{rel}","templated":true}]}}